{"id":66,"date":"2021-10-09T16:36:27","date_gmt":"2021-10-09T16:36:27","guid":{"rendered":"http:\/\/www.viipurinsahko.fi\/?page_id=66"},"modified":"2021-10-09T16:36:27","modified_gmt":"2021-10-09T16:36:27","slug":"luo-sivustosi-lohkoilla","status":"publish","type":"page","link":"https:\/\/www.viipurinsahko.fi\/index.php\/luo-sivustosi-lohkoilla\/","title":{"rendered":"Luo sivustosi lohkoilla"},"content":{"rendered":"\n\t\t\t\t\t\n\t\t\t\t\t<h2 class=\"alignwide has-text-align-wide has-gigantic-font-size\" style=\"line-height:1.1\">Luo sivustosi lohkoilla<\/h2>\n\t\t\t\t\t\n\n\t\t\t\t\t\n\t\t\t\t\t<div style=\"height:100px\" aria-hidden=\"true\" class=\"wp-block-spacer\"><\/div>\n\t\t\t\t\t\n\n\t\t\t\t\t\n\t\t\t\t\t<div class=\"wp-block-columns alignwide are-vertically-aligned-center is-style-twentytwentyone-columns-overlap\">\n\t\t\t\t\t<div class=\"wp-block-column is-vertically-aligned-center\">\n\t\t\t\t\t<figure class=\"wp-block-image alignfull size-large\"><img src=\"http:\/\/www.viipurinsahko.fi\/wp-content\/themes\/twentytwentyone\/assets\/images\/roses-tremieres-hollyhocks-1884.jpg\" alt=\"&#8220;Roses Tr\u00e9mi\u00e8res&#8221; by Berthe Morisot\"\/><\/figure>\n\t\t\t\t\t\n\n\t\t\t\t\t\n\t\t\t\t\t<div style=\"height:100px\" aria-hidden=\"true\" class=\"wp-block-spacer\"><\/div>\n\t\t\t\t\t\n\n\t\t\t\t\t\n\t\t\t\t\t<figure class=\"wp-block-image alignfull size-large is-style-twentytwentyone-image-frame\"><img src=\"http:\/\/www.viipurinsahko.fi\/wp-content\/themes\/twentytwentyone\/assets\/images\/in-the-bois-de-boulogne.jpg\" alt=\"&#8220;Boulognen mets\u00e4ss\u00e4&#8221;, Berthe Morisot\"\/><\/figure>\n\t\t\t\t\t<\/div>\n\t\t\t\t\t\n\n\t\t\t\t\t\n\t\t\t\t\t<div class=\"wp-block-column is-vertically-aligned-center\">\n\t\t\t\t\t<div style=\"height:100px\" aria-hidden=\"true\" class=\"wp-block-spacer\"><\/div>\n\t\t\t\t\t\n\n\t\t\t\t\t\n\t\t\t\t\t<figure class=\"wp-block-image size-large alignfull size-full is-style-twentytwentyone-border\"><img src=\"http:\/\/www.viipurinsahko.fi\/wp-content\/themes\/twentytwentyone\/assets\/images\/young-woman-in-mauve.jpg\" alt=\"&#8220;Nuori nainen Mauvessa&#8221;, Berthe Morisot\"\/><\/figure>\n\t\t\t\t\t<\/div>\n\t\t\t\t\t<\/div>\n\t\t\t\t\t\n\n\t\t\t\t\t\n\t\t\t\t\t<div style=\"height:50px\" aria-hidden=\"true\" class=\"wp-block-spacer\"><\/div>\n\t\t\t\t\t\n\n\t\t\t\t\t\n\t\t\t\t\t<div class=\"wp-block-columns alignwide are-vertically-aligned-top\">\n\t\t\t\t\t<div class=\"wp-block-column is-vertically-aligned-top\">\n\t\t\t\t\t<h3>Lis\u00e4\u00e4 lohkomalleja<\/h3>\n\t\t\t\t\t\n\n\t\t\t\t\t\n\t\t\t\t\t<p>Lohkomallit ovat ennalta suunniteltuja lohkoryhmi\u00e4. Lis\u00e4t\u00e4ksesi sellaisen, napsauta Lis\u00e4\u00e4 lohko -painiketta [+] editorin yl\u00e4osassa. Vaihda hakukent\u00e4n alapuolelta l\u00f6ytyv\u00e4lle Mallit-sivulehdelle ja valitse malli.<\/p>\n\t\t\t\t\t<\/div>\n\t\t\t\t\t\n\n\t\t\t\t\t\n\t\t\t\t\t<div class=\"wp-block-column is-vertically-aligned-top\">\n\t\t\t\t\t<h3>Kehyst\u00e4 kuvasi<\/h3>\n\t\t\t\t\t\n\n\t\t\t\t\t\n\t\t\t\t\t<p>Twenty Twenty-One tarjoaa tyylikk\u00e4it\u00e4 kehyksi\u00e4 sis\u00e4ll\u00f6llesi. Valitse Kuva-lohko ja avaa Tyylit-paneeli editorin sivupalkista. Valitse lohkotyyli &quot;Kehys&quot; ottaaksesi se k\u00e4ytt\u00f6\u00f6n.<\/p>\n\t\t\t\t\t<\/div>\n\t\t\t\t\t\n\n\t\t\t\t\t\n\t\t\t\t\t<div class=\"wp-block-column is-vertically-aligned-top\">\n\t\t\t\t\t<h3>P\u00e4\u00e4llekk\u00e4iset palstat<\/h3>\n\t\t\t\t\t\n\n\t\t\t\t\t\n\t\t\t\t\t<p>Twenty Twenty-One tarjoaa my\u00f6s p\u00e4\u00e4llekk\u00e4isyystyylin palstalohkoille. Kun sinulla on Palstat-lohko valittuna, avaa Tyylit-paneeli editorin sivupalkista. Valitse lohkotyyli &quot;P\u00e4\u00e4llekk\u00e4isyys&quot; kokeillaksesi sit\u00e4.<\/p>\n\t\t\t\t\t<\/div>\n\t\t\t\t\t<\/div>\n\t\t\t\t\t\n\n\t\t\t\t\t\n\t\t\t\t\t<div style=\"height:100px\" aria-hidden=\"true\" class=\"wp-block-spacer\"><\/div>\n\t\t\t\t\t\n\n\t\t\t\t\t\n\t\t\t\t\t<div class=\"wp-block-cover alignwide has-green-background-color has-background-dim is-style-twentytwentyone-border\"><div class=\"wp-block-cover__inner-container\">\n\t\t\t\t\t<div style=\"height:20px\" aria-hidden=\"true\" class=\"wp-block-spacer\"><\/div>\n\t\t\t\t\t\n\n\t\t\t\t\t\n\t\t\t\t\t<p class=\"has-huge-font-size\">Tarvitsetko apua?<\/p>\n\t\t\t\t\t\n\n\t\t\t\t\t\n\t\t\t\t\t<div style=\"height:75px\" aria-hidden=\"true\" class=\"wp-block-spacer\"><\/div>\n\t\t\t\t\t\n\n\t\t\t\t\t\n\t\t\t\t\t<div class=\"wp-block-columns\">\n\t\t\t\t\t<div class=\"wp-block-column\">\n\t\t\t\t\t<p><a href=\"https:\/\/wordpress.org\/support\/article\/twenty-twenty-one\/\">Lue teeman dokumentaatio<\/a><\/p>\n\t\t\t\t\t<\/div>\n\t\t\t\t\t\n\n\t\t\t\t\t\n\t\t\t\t\t<div class=\"wp-block-column\">\n\t\t\t\t\t<p><a href=\"https:\/\/wordpress.org\/support\/theme\/twentytwentyone\/\">Tutustu tukifoorumeihin<\/a><\/p>\n\t\t\t\t\t<\/div>\n\t\t\t\t\t<\/div>\n\t\t\t\t\t\n\n\t\t\t\t\t\n\t\t\t\t\t<div style=\"height:20px\" aria-hidden=\"true\" class=\"wp-block-spacer\"><\/div>\n\t\t\t\t\t<\/div><\/div>\n\t\t\t\t\t","protected":false},"excerpt":{"rendered":"<p>Luo sivustosi lohkoilla Lis\u00e4\u00e4 lohkomalleja Lohkomallit ovat ennalta suunniteltuja lohkoryhmi\u00e4. Lis\u00e4t\u00e4ksesi sellaisen, napsauta Lis\u00e4\u00e4 lohko -painiketta [+] editorin yl\u00e4osassa. Vaihda hakukent\u00e4n alapuolelta l\u00f6ytyv\u00e4lle Mallit-sivulehdelle ja valitse malli. Kehyst\u00e4 kuvasi Twenty Twenty-One tarjoaa tyylikk\u00e4it\u00e4 kehyksi\u00e4 sis\u00e4ll\u00f6llesi. Valitse Kuva-lohko ja avaa Tyylit-paneeli editorin sivupalkista. Valitse lohkotyyli &quot;Kehys&quot; ottaaksesi se k\u00e4ytt\u00f6\u00f6n. P\u00e4\u00e4llekk\u00e4iset palstat Twenty Twenty-One tarjoaa my\u00f6s p\u00e4\u00e4llekk\u00e4isyystyylin [&hellip;]<\/p>\n","protected":false},"author":1,"featured_media":0,"parent":0,"menu_order":0,"comment_status":"closed","ping_status":"closed","template":"","meta":[],"_links":{"self":[{"href":"https:\/\/www.viipurinsahko.fi\/index.php\/wp-json\/wp\/v2\/pages\/66"}],"collection":[{"href":"https:\/\/www.viipurinsahko.fi\/index.php\/wp-json\/wp\/v2\/pages"}],"about":[{"href":"https:\/\/www.viipurinsahko.fi\/index.php\/wp-json\/wp\/v2\/types\/page"}],"author":[{"embeddable":true,"href":"https:\/\/www.viipurinsahko.fi\/index.php\/wp-json\/wp\/v2\/users\/1"}],"replies":[{"embeddable":true,"href":"https:\/\/www.viipurinsahko.fi\/index.php\/wp-json\/wp\/v2\/comments?post=66"}],"version-history":[{"count":1,"href":"https:\/\/www.viipurinsahko.fi\/index.php\/wp-json\/wp\/v2\/pages\/66\/revisions"}],"predecessor-version":[{"id":71,"href":"https:\/\/www.viipurinsahko.fi\/index.php\/wp-json\/wp\/v2\/pages\/66\/revisions\/71"}],"wp:attachment":[{"href":"https:\/\/www.viipurinsahko.fi\/index.php\/wp-json\/wp\/v2\/media?parent=66"}],"curies":[{"name":"wp","href":"https:\/\/api.w.org\/{rel}","templated":true}]}}