{"id":68,"date":"2021-10-09T16:36:27","date_gmt":"2021-10-09T16:36:27","guid":{"rendered":"http:\/\/www.viipurinsahko.fi\/?page_id=68"},"modified":"2021-10-09T16:36:27","modified_gmt":"2021-10-09T16:36:27","slug":"ota-yhteytta","status":"publish","type":"page","link":"https:\/\/www.viipurinsahko.fi\/index.php\/ota-yhteytta\/","title":{"rendered":"Ota yhteytt\u00e4"},"content":{"rendered":"\n<p>T\u00e4ll\u00e4 sivulla on joitakin perusyhteystietoja, kuten osoite ja puhelinnumero. Saatat my\u00f6s haluta kokeilla lis\u00e4osaa, jolla voit lis\u00e4t\u00e4 yhteydenottolomakkeen.<\/p>\n","protected":false},"excerpt":{"rendered":"<p>T\u00e4ll\u00e4 sivulla on joitakin perusyhteystietoja, kuten osoite ja puhelinnumero. Saatat my\u00f6s haluta kokeilla lis\u00e4osaa, jolla voit lis\u00e4t\u00e4 yhteydenottolomakkeen.<\/p>\n","protected":false},"author":1,"featured_media":0,"parent":0,"menu_order":0,"comment_status":"closed","ping_status":"closed","template":"","meta":[],"_links":{"self":[{"href":"https:\/\/www.viipurinsahko.fi\/index.php\/wp-json\/wp\/v2\/pages\/68"}],"collection":[{"href":"https:\/\/www.viipurinsahko.fi\/index.php\/wp-json\/wp\/v2\/pages"}],"about":[{"href":"https:\/\/www.viipurinsahko.fi\/index.php\/wp-json\/wp\/v2\/types\/page"}],"author":[{"embeddable":true,"href":"https:\/\/www.viipurinsahko.fi\/index.php\/wp-json\/wp\/v2\/users\/1"}],"replies":[{"embeddable":true,"href":"https:\/\/www.viipurinsahko.fi\/index.php\/wp-json\/wp\/v2\/comments?post=68"}],"version-history":[{"count":1,"href":"https:\/\/www.viipurinsahko.fi\/index.php\/wp-json\/wp\/v2\/pages\/68\/revisions"}],"predecessor-version":[{"id":73,"href":"https:\/\/www.viipurinsahko.fi\/index.php\/wp-json\/wp\/v2\/pages\/68\/revisions\/73"}],"wp:attachment":[{"href":"https:\/\/www.viipurinsahko.fi\/index.php\/wp-json\/wp\/v2\/media?parent=68"}],"curies":[{"name":"wp","href":"https:\/\/api.w.org\/{rel}","templated":true}]}}